{"id":48,"date":"2015-06-18T09:06:02","date_gmt":"2015-06-18T07:06:02","guid":{"rendered":"http:\/\/www.european-arachnology.org\/wdp\/?page_id=48"},"modified":"2022-03-14T09:02:50","modified_gmt":"2022-03-14T08:02:50","slug":"history","status":"publish","type":"page","link":"https:\/\/european-arachnology.org\/esa\/?page_id=48","title":{"rendered":"History"},"content":{"rendered":"<p style=\"text-align: justify;\"><span style=\"font-size: 14pt;\"><strong>History of the European Society of Arachnology<\/strong><\/span><\/p>\n<p style=\"text-align: justify;\">Up to the 1950s, most arachnologists did not know each other personally. They exchanged reprints, were in correspondence, while travelling possibilities were quite restricted. Increasing access to international air travel changed this situation rapidly. American colleagues crossed the Atlantic, they worked with European collections and studied type material. Also, as the western part of Europe recovered from the war, more and more European arachnologists were able to visit other countries. Personal contacts resulted in firm friendships.<\/p>\n<p style=\"text-align: justify;\">British arachnologists arranged the first international meeting of arachnologists during the 15th International Congress of Zoology. This was held in July 1958 at the Hotel Rembrandt in London. Six countries were represented by 22 attendees. In Germany, Hermann Wiehle was convinced that arachnologists should come together to discuss scientific problems and to foster personal contacts. But living in the eastern part of Germany, he had to encourage Ernst Kullmann, at that time assistant at the University of Bonn. Early in summer 1960, approximately 20 German arachnologists attended a first conference in Bonn.<\/p>\n<p style=\"text-align: justify;\">The participants of the Bonn meeting felt that meetings of arachnologists should be continued with a meeting one year later in Saarbr\u00fccken. This 1961 venue close to the German\/French border was chosen to attract colleagues from other European countries. In this it was successful as, among others, a major group of French arachnologists attended the meeting.<\/p>\n<p style=\"text-align: justify;\">The next congress was held 1965 in Frankfurt\/Main, arranged by Otto Kraus. At a business meeting during this congress, Max Vachon explained the concept of CIDA, the Centre International de Documentation Arachnologique at the Mus\u00e9um National d\u2019Histoire Naturelle in Paris. These plans were unanimously accepted. Vachon started 1965 as S\u00e9cretaire G\u00e9n\u00e9ral Permanent du CIDA, he retired 1977 and deceased 1991. Jacqueline Heurtault as Secr\u00e9taire g\u00e9n\u00e9ral adjoint formed together with him the \u201cstaff\u201d of the CIDA bureau in Paris and took over his position as S\u00e9cretaire G\u00e9n\u00e9ral in 1983.<\/p>\n<p style=\"text-align: justify;\">The president served for one period of three years and the next president was elected out of a proposal of three candidates. While Vachon served as first president during the preparation phase of CIDA (1963-1965), Kraus became the first president of the established organization (1965-1968). He was followed by Roland Legendre (1968-1971, France), Eric Duffey (1971-1974, United Kingdom), Lambertus Vlijm (1974-1977, Netherlands), Paolo Tongiorgi (1977-1980, Italy), Herb W. Levi (1980-1983, USA), Peter van Helsdingen (1983-1986, Netherlands), Konrad Thaler (1987-1990, Austria), Volker Mahnert (1989-1992, Switzerland), Rudy Jocqu\u00e9 (1992-1995, Belgium) and Norm Platnick (1995-1998, USA).<\/p>\n<p style=\"text-align: justify;\">Between 1965 and 1968, a world-wide system of CIDA correspondents was established and the Paris meeting was prepared. It was counted as fourth Congr\u00e8s International d\u2019Arachnologie and 109 arachnologists from 23 nations attended. So this congress was the first with a definitely international participation. From this point onwards, a self-perpetuating cycle of international conferences was established. They took place at three year intervals, initially in Europe: 1971 Brno, 1974 Amsterdam, 1977 Exeter. At the 1980 Vienna meeting, it was decided to have the next meeting outside Europe, 1983 in Panama. Next congresses were 1986 in Jaca, 1989 in Turku, 1992 in Brisbane, 1995 in Geneva and 1998 in Chicago.<\/p>\n<p style=\"text-align: justify;\">In 1998, Heurtault informed the Society that, more than 30 years after the CIDA foundation, she was now unable to continue to coordinate the CIDA activities, including its information service, due to her retirement and reorganization activities at the museum. Thus, the organizational basis for CIDA no longer existed and it was moved to Washington DC with Jonathan Coddington at the United States National Museum. At the 1998 International Congress in Chicago, the name of CIDA was changed to International Society of Arachnology. The further development of the International Society of Arachnology with their presidents and congresses can be seen here <a href=\"http:\/\/arachnology.org\" target=\"_blank\" rel=\"noopener\">http:\/\/arachnology.org<\/a>.<\/p>\n<p style=\"text-align: justify;\">Parallel to the CIDA activities, that became more and more international, national meetings of French arachnologists became European. Initially founded as the Union des Arachnologistes de la Langue Fran\u00e7aise, it was transformed to La Soci\u00e9t\u00e9 Europ\u00e9enne d\u2019Arachnology and later to the European Society of Arachnology.<\/p>\n<p style=\"text-align: justify;\">The first French meeting was held 1972 in Strasbourg, followed by three further meetings in France (Montpellier 1973, Les Eyzies 1976, Avignon 1978). The next congresses were in Spain (Barcelona 1979) and Italy (Modena 1981) and by then, a sequence was found of two years European congresses and the international congress in the third year. The Modena congress was also the last that was called \u201cColloque d\u2019Arachnologie d\u2019Expression Fran\u00e7aise\u201d but it had already the subtitle \u201cColloque International Europ\u00e9en\u201d. After four further congresses in mainly French-speaking cities (Nancy 1982, Moulis 1984, Brussels 1985, Rennes 1987), the Berlin congress 1988 was the first outside countries with Romanic languages, followed again by French-speaking cities (Paris 1990, Neuch\u00e2tel 1991).<\/p>\n<p style=\"text-align: justify;\">After political changes in the eastern part of Europe and a congress in Catania (1993), a series of congresses were organized there: \u010cesk\u00e9 Bud\u011bjovice (Czech Republic 1994), Siedlce (Poland 1996), Star\u00e1 Lesn\u00e1 (Slovakia 1999), Szombathely (Hungary 2002), St. Petersburg (Russia 2003), Blagoevgrad (Bulgaria 2005), Ljubljana (Slovenia 2012), Brno (Czech Republic 2015), V\u00e1c (Hungary 2018). Remarkable is one congress outside of Europe (Sede Boqer, Israel 2011). So, with the further congresses in Edinburgh (Scotland 1997), \u00c5rhus (Denmark 2000), Sitges (Spain 2006), Bern (Switzerland 2008), Alexandroupolis (Greece 2009), Torino (Italy 2014) and Nottingham (United Kingdom 2017) a wonderful pan-European mixture of contributing countries was achieved.<\/p>\n<p style=\"text-align: justify;\">While until 2006, these meetings were officially called Colloquium, with the Bern meeting 2008 they became European Congresses of Arachnology. The congress in Edinburgh was the first with more than 100 participants and meanwhile the number of participants reached the range of 200. They come from 30+ countries, often from many non-European countries. This indicates the continuous attraction of these congresses.<\/p>\n<p style=\"text-align: justify;\">Also the European Society of Arachnology developed from its French roots to a European organization. Three regulatory elements, the Statutes, the Regulations, and the Ethical rules from 2002 were slimmed down to the By-laws of 2015 and the seat of the Society, earlier moved from Paris to Nancy, is now there, where the President is.<\/p>\n<p style=\"text-align: justify;\">First president of the Society<br \/>\n1973 \u2013 1976 Pierre Bonnet<br \/>\n1977 \u2013 1987 (?)<br \/>\n1988 \u2013 1989 Christian Juberthie<br \/>\n1990 \u2013 1991 Joachim Haupt<br \/>\n1992 \u2013 1996 Pierre-Alain F\u00fcrst<br \/>\n1996 \u2013 1998 Olivier Villepoux (?)<br \/>\n1999 \u2013 2002 Alain Canard<br \/>\n2003 \u2013 2006 S\u00f8ren Toft<br \/>\n2007 \u2013 2014 Ferenc Samu<br \/>\n2015 \u2013 2020 Wolfgang Nentwig<br \/>\n2021 \u2013 Gabriele Uhl<\/p>\n<p style=\"text-align: justify;\">As Soci\u00e9t\u00e9 Europ\u00e9enne d\u2019Arachnology, the Society produced the \u201eBulletin de la Soci\u00e9t\u00e9 d\u2019Arachnologique\u201c, appearing from volume 1 (1988) to 14 (2002).\u00a0There are no proceedings from the first meeting in Strassbourg and later the local organizers were in charge of the production of a conference proceedings volume. From the second meeting (Montpellier) to the 24th meeting (Bern) these proceedings were published as regular or special issues of local journals. Since the 25th meeting (Alexandroupoli) these contributions appeared as regular articles in Arachnologische Mitteilungen \/ Arachnology Letters. Initially, they filled an own issue (the 25th and the 26th meetings), but meanwhile they constitute only a part of an issue.<\/p>\n<p style=\"text-align: justify;\">References: This history of the European Society of Arachnology in its first part closely follows an article of Otto Kraus on European Arachnology (The Newsletter of the British Arachnological Society (1999) 86: 1-3). Further additions were contributed by Theo Blick, Peter van Helsdingen, Wolfgang Nentwig.<\/p>\n<p>&nbsp;<\/p>\n<p>&nbsp;<\/p>\n<p>&nbsp;<\/p>\n","protected":false},"excerpt":{"rendered":"<p style=\"text-align: justify;\"><span style=\"font-size: 14pt;\"><strong>History of the European Society of Arachnology<\/strong><\/span><\/p>\n<p style=\"text-align: justify;\">Up to the 1950s, most arachnologists did not know each other personally. They exchanged reprints, were in correspondence, while travelling possibilities were quite restricted. Increasing access to international air travel changed this situation rapidly.<\/p>\n<p><span class=\"ellipsis\">&hellip;<\/span><\/p>\n<div class=\"read-more\"><a href=\"https:\/\/european-arachnology.org\/esa\/?page_id=48\">Read more &#8250;<\/a><\/div>\n<p><!-- end of .read-more --><\/p>\n","protected":false},"author":1,"featured_media":0,"parent":40,"menu_order":0,"comment_status":"closed","ping_status":"closed","template":"full-width-page.php","meta":{"footnotes":""},"class_list":["post-48","page","type-page","status-publish","hentry"],"_links":{"self":[{"href":"https:\/\/european-arachnology.org\/esa\/index.php?rest_route=\/wp\/v2\/pages\/48","targetHints":{"allow":["GET"]}}],"collection":[{"href":"https:\/\/european-arachnology.org\/esa\/index.php?rest_route=\/wp\/v2\/pages"}],"about":[{"href":"https:\/\/european-arachnology.org\/esa\/index.php?rest_route=\/wp\/v2\/types\/page"}],"author":[{"embeddable":true,"href":"https:\/\/european-arachnology.org\/esa\/index.php?rest_route=\/wp\/v2\/users\/1"}],"replies":[{"embeddable":true,"href":"https:\/\/european-arachnology.org\/esa\/index.php?rest_route=%2Fwp%2Fv2%2Fcomments&post=48"}],"version-history":[{"count":20,"href":"https:\/\/european-arachnology.org\/esa\/index.php?rest_route=\/wp\/v2\/pages\/48\/revisions"}],"predecessor-version":[{"id":3408,"href":"https:\/\/european-arachnology.org\/esa\/index.php?rest_route=\/wp\/v2\/pages\/48\/revisions\/3408"}],"up":[{"embeddable":true,"href":"https:\/\/european-arachnology.org\/esa\/index.php?rest_route=\/wp\/v2\/pages\/40"}],"wp:attachment":[{"href":"https:\/\/european-arachnology.org\/esa\/index.php?rest_route=%2Fwp%2Fv2%2Fmedia&parent=48"}],"curies":[{"name":"wp","href":"https:\/\/api.w.org\/{rel}","templated":true}]}}